{"id":1167,"date":"2013-04-05T13:33:38","date_gmt":"2013-04-05T13:33:38","guid":{"rendered":"http:\/\/www.kriesi.at\/themes\/enfold\/?page_id=1167"},"modified":"2023-01-30T14:09:17","modified_gmt":"2023-01-30T13:09:17","slug":"kontakt","status":"publish","type":"page","link":"https:\/\/eyga.net\/sl\/kontakt\/","title":{"rendered":"Kontakt"},"content":{"rendered":"<div class=\"gb-container gb-container-07fd0010\"><div class=\"gb-inside-container\">\n\n<p>Za vsa vpra\u0161anja smo vam na voljo na gabi@eyga.net.<\/p>\n\n\n\n<p>Posredovani podatki (ime, priimek, e-naslov, telefon) bodo uporabljeni izklju\u010dno za odgovor na va\u0161e vpra\u0161anje.<\/p>\n\n<\/div><\/div>","protected":false},"excerpt":{"rendered":"<p>Za vsa vpra\u0161anja smo vam na voljo na gabi@eyga.net. Posredovani podatki (ime, priimek, e-naslov, telefon) bodo uporabljeni izklju\u010dno za odgovor na va\u0161e vpra\u0161anje.<\/p>\n","protected":false},"author":1,"featured_media":0,"parent":0,"menu_order":0,"comment_status":"closed","ping_status":"open","template":"","meta":{"footnotes":""},"class_list":["post-1167","page","type-page","status-publish"],"yoast_head":"<!-- This site is optimized with the Yoast SEO plugin v27.4 - https:\/\/yoast.com\/product\/yoast-seo-wordpress\/ -->\n<title>Kontakt - Eyga.net<\/title>\n<meta name=\"description\" content=\"Za vsa vpra\u0161anja smo vam na voljo na gabi@eyga.net.\" \/>\n<meta name=\"robots\" content=\"index, follow, max-snippet:-1, max-image-preview:large, max-video-preview:-1\" \/>\n<link rel=\"canonical\" href=\"https:\/\/eyga.net\/sl\/kontakt\/\" \/>\n<meta property=\"og:locale\" content=\"sl_SI\" \/>\n<meta property=\"og:type\" content=\"article\" \/>\n<meta property=\"og:title\" content=\"Kontakt - Eyga.net\" \/>\n<meta property=\"og:description\" content=\"Za vsa vpra\u0161anja smo vam na voljo na gabi@eyga.net.\" \/>\n<meta property=\"og:url\" content=\"https:\/\/eyga.net\/sl\/kontakt\/\" \/>\n<meta property=\"og:site_name\" content=\"Eyga.net\" \/>\n<meta property=\"article:modified_time\" content=\"2023-01-30T13:09:17+00:00\" \/>\n<meta name=\"twitter:card\" content=\"summary_large_image\" \/>\n<meta name=\"twitter:label1\" content=\"Est. reading time\" \/>\n\t<meta name=\"twitter:data1\" content=\"1 minuta\" \/>\n<script type=\"application\/ld+json\" class=\"yoast-schema-graph\">{\"@context\":\"https:\\\/\\\/schema.org\",\"@graph\":[{\"@type\":\"WebPage\",\"@id\":\"https:\\\/\\\/eyga.net\\\/sl\\\/kontakt\\\/\",\"url\":\"https:\\\/\\\/eyga.net\\\/sl\\\/kontakt\\\/\",\"name\":\"Kontakt - Eyga.net\",\"isPartOf\":{\"@id\":\"https:\\\/\\\/eyga.net\\\/sl\\\/#website\"},\"datePublished\":\"2013-04-05T13:33:38+00:00\",\"dateModified\":\"2023-01-30T13:09:17+00:00\",\"description\":\"Za vsa vpra\u0161anja smo vam na voljo na gabi@eyga.net.\",\"breadcrumb\":{\"@id\":\"https:\\\/\\\/eyga.net\\\/sl\\\/kontakt\\\/#breadcrumb\"},\"inLanguage\":\"sl-SI\",\"potentialAction\":[{\"@type\":\"ReadAction\",\"target\":[\"https:\\\/\\\/eyga.net\\\/sl\\\/kontakt\\\/\"]}]},{\"@type\":\"BreadcrumbList\",\"@id\":\"https:\\\/\\\/eyga.net\\\/sl\\\/kontakt\\\/#breadcrumb\",\"itemListElement\":[{\"@type\":\"ListItem\",\"position\":1,\"name\":\"Home\",\"item\":\"https:\\\/\\\/eyga.net\\\/sl\\\/\"},{\"@type\":\"ListItem\",\"position\":2,\"name\":\"Kontakt\"}]},{\"@type\":\"WebSite\",\"@id\":\"https:\\\/\\\/eyga.net\\\/sl\\\/#website\",\"url\":\"https:\\\/\\\/eyga.net\\\/sl\\\/\",\"name\":\"Eyga.net\",\"description\":\"Eyga.net razvijanje, programiranje, svetovanje in marketing\",\"publisher\":{\"@id\":\"https:\\\/\\\/eyga.net\\\/sl\\\/#organization\"},\"potentialAction\":[{\"@type\":\"SearchAction\",\"target\":{\"@type\":\"EntryPoint\",\"urlTemplate\":\"https:\\\/\\\/eyga.net\\\/sl\\\/?s={search_term_string}\"},\"query-input\":{\"@type\":\"PropertyValueSpecification\",\"valueRequired\":true,\"valueName\":\"search_term_string\"}}],\"inLanguage\":\"sl-SI\"},{\"@type\":\"Organization\",\"@id\":\"https:\\\/\\\/eyga.net\\\/sl\\\/#organization\",\"name\":\"Eyga.net\",\"url\":\"https:\\\/\\\/eyga.net\\\/sl\\\/\",\"logo\":{\"@type\":\"ImageObject\",\"inLanguage\":\"sl-SI\",\"@id\":\"https:\\\/\\\/eyga.net\\\/sl\\\/#\\\/schema\\\/logo\\\/image\\\/\",\"url\":\"https:\\\/\\\/eyga.net\\\/sl\\\/wp-content\\\/uploads\\\/sites\\\/4\\\/2016\\\/05\\\/cropped-Eyga-logo.png\",\"contentUrl\":\"https:\\\/\\\/eyga.net\\\/sl\\\/wp-content\\\/uploads\\\/sites\\\/4\\\/2016\\\/05\\\/cropped-Eyga-logo.png\",\"width\":266,\"height\":126,\"caption\":\"Eyga.net\"},\"image\":{\"@id\":\"https:\\\/\\\/eyga.net\\\/sl\\\/#\\\/schema\\\/logo\\\/image\\\/\"}}]}<\/script>\n<!-- \/ Yoast SEO plugin. -->","yoast_head_json":{"title":"Kontakt - Eyga.net","description":"Za vsa vpra\u0161anja smo vam na voljo na gabi@eyga.net.","robots":{"index":"index","follow":"follow","max-snippet":"max-snippet:-1","max-image-preview":"max-image-preview:large","max-video-preview":"max-video-preview:-1"},"canonical":"https:\/\/eyga.net\/sl\/kontakt\/","og_locale":"sl_SI","og_type":"article","og_title":"Kontakt - Eyga.net","og_description":"Za vsa vpra\u0161anja smo vam na voljo na gabi@eyga.net.","og_url":"https:\/\/eyga.net\/sl\/kontakt\/","og_site_name":"Eyga.net","article_modified_time":"2023-01-30T13:09:17+00:00","twitter_card":"summary_large_image","twitter_misc":{"Est. reading time":"1 minuta"},"schema":{"@context":"https:\/\/schema.org","@graph":[{"@type":"WebPage","@id":"https:\/\/eyga.net\/sl\/kontakt\/","url":"https:\/\/eyga.net\/sl\/kontakt\/","name":"Kontakt - Eyga.net","isPartOf":{"@id":"https:\/\/eyga.net\/sl\/#website"},"datePublished":"2013-04-05T13:33:38+00:00","dateModified":"2023-01-30T13:09:17+00:00","description":"Za vsa vpra\u0161anja smo vam na voljo na gabi@eyga.net.","breadcrumb":{"@id":"https:\/\/eyga.net\/sl\/kontakt\/#breadcrumb"},"inLanguage":"sl-SI","potentialAction":[{"@type":"ReadAction","target":["https:\/\/eyga.net\/sl\/kontakt\/"]}]},{"@type":"BreadcrumbList","@id":"https:\/\/eyga.net\/sl\/kontakt\/#breadcrumb","itemListElement":[{"@type":"ListItem","position":1,"name":"Home","item":"https:\/\/eyga.net\/sl\/"},{"@type":"ListItem","position":2,"name":"Kontakt"}]},{"@type":"WebSite","@id":"https:\/\/eyga.net\/sl\/#website","url":"https:\/\/eyga.net\/sl\/","name":"Eyga.net","description":"Eyga.net razvijanje, programiranje, svetovanje in marketing","publisher":{"@id":"https:\/\/eyga.net\/sl\/#organization"},"potentialAction":[{"@type":"SearchAction","target":{"@type":"EntryPoint","urlTemplate":"https:\/\/eyga.net\/sl\/?s={search_term_string}"},"query-input":{"@type":"PropertyValueSpecification","valueRequired":true,"valueName":"search_term_string"}}],"inLanguage":"sl-SI"},{"@type":"Organization","@id":"https:\/\/eyga.net\/sl\/#organization","name":"Eyga.net","url":"https:\/\/eyga.net\/sl\/","logo":{"@type":"ImageObject","inLanguage":"sl-SI","@id":"https:\/\/eyga.net\/sl\/#\/schema\/logo\/image\/","url":"https:\/\/eyga.net\/sl\/wp-content\/uploads\/sites\/4\/2016\/05\/cropped-Eyga-logo.png","contentUrl":"https:\/\/eyga.net\/sl\/wp-content\/uploads\/sites\/4\/2016\/05\/cropped-Eyga-logo.png","width":266,"height":126,"caption":"Eyga.net"},"image":{"@id":"https:\/\/eyga.net\/sl\/#\/schema\/logo\/image\/"}}]}},"_links":{"self":[{"href":"https:\/\/eyga.net\/sl\/wp-json\/wp\/v2\/pages\/1167","targetHints":{"allow":["GET"]}}],"collection":[{"href":"https:\/\/eyga.net\/sl\/wp-json\/wp\/v2\/pages"}],"about":[{"href":"https:\/\/eyga.net\/sl\/wp-json\/wp\/v2\/types\/page"}],"author":[{"embeddable":true,"href":"https:\/\/eyga.net\/sl\/wp-json\/wp\/v2\/users\/1"}],"replies":[{"embeddable":true,"href":"https:\/\/eyga.net\/sl\/wp-json\/wp\/v2\/comments?post=1167"}],"version-history":[{"count":17,"href":"https:\/\/eyga.net\/sl\/wp-json\/wp\/v2\/pages\/1167\/revisions"}],"predecessor-version":[{"id":3580,"href":"https:\/\/eyga.net\/sl\/wp-json\/wp\/v2\/pages\/1167\/revisions\/3580"}],"wp:attachment":[{"href":"https:\/\/eyga.net\/sl\/wp-json\/wp\/v2\/media?parent=1167"}],"curies":[{"name":"wp","href":"https:\/\/api.w.org\/{rel}","templated":true}]}}