{"id":3487,"date":"2017-01-16T14:50:57","date_gmt":"2017-01-16T13:50:57","guid":{"rendered":"http:\/\/eyga.net\/sl\/?page_id=3487"},"modified":"2025-03-01T11:15:45","modified_gmt":"2025-03-01T10:15:45","slug":"o-nas","status":"publish","type":"page","link":"https:\/\/eyga.net\/sl\/o-nas\/","title":{"rendered":"O nas"},"content":{"rendered":"<div class=\"gb-container gb-container-2ae9dc2b\"><div class=\"gb-inside-container\">\n\n<p>Eyga je blagovna znamka pod katero so zbrane vse marketin\u0161ke ter programerske dejavnosti podjetja EygaNet d.o.o.<\/p>\n\n\n\n<p>Naziv: EygaNet d.o.o.<\/p>\n\n\n\n<p>Naslov: Tesovnikova ulica 86B, 1000 Ljubljana<\/p>\n\n\n\n<p>IBAN: (OTP d.d.)<\/p>\n\n\n\n<p>Mati\u010dna \u0161tevilka: 9852247000<\/p>\n\n\n\n<p>Dav\u010dna \u0161tevilka: 91554403<\/p>\n\n<\/div><\/div>\n\n\n<p><\/p>\n","protected":false},"excerpt":{"rendered":"<p>Eyga je blagovna znamka pod katero so zbrane vse marketin\u0161ke ter programerske dejavnosti podjetja EygaNet d.o.o. Naziv: EygaNet d.o.o. Naslov: Tesovnikova ulica 86B, 1000 Ljubljana IBAN: (OTP d.d.) Mati\u010dna \u0161tevilka: 9852247000 Dav\u010dna \u0161tevilka: 91554403<\/p>\n","protected":false},"author":1,"featured_media":0,"parent":0,"menu_order":0,"comment_status":"closed","ping_status":"closed","template":"","meta":{"footnotes":""},"class_list":["post-3487","page","type-page","status-publish"],"yoast_head":"<!-- This site is optimized with the Yoast SEO plugin v27.5 - https:\/\/yoast.com\/product\/yoast-seo-wordpress\/ -->\n<title>O nas - Eyga.net<\/title>\n<meta name=\"robots\" content=\"index, follow, max-snippet:-1, max-image-preview:large, max-video-preview:-1\" \/>\n<link rel=\"canonical\" href=\"https:\/\/eyga.net\/sl\/o-nas\/\" \/>\n<meta property=\"og:locale\" content=\"sl_SI\" \/>\n<meta property=\"og:type\" content=\"article\" \/>\n<meta property=\"og:title\" content=\"O nas - Eyga.net\" \/>\n<meta property=\"og:description\" content=\"Eyga je blagovna znamka pod katero so zbrane vse marketin\u0161ke ter programerske dejavnosti podjetja EygaNet d.o.o. Naziv: EygaNet d.o.o. Naslov: Tesovnikova ulica 86B, 1000 Ljubljana IBAN: (OTP d.d.) Mati\u010dna \u0161tevilka: 9852247000 Dav\u010dna \u0161tevilka: 91554403\" \/>\n<meta property=\"og:url\" content=\"https:\/\/eyga.net\/sl\/o-nas\/\" \/>\n<meta property=\"og:site_name\" content=\"Eyga.net\" \/>\n<meta property=\"article:modified_time\" content=\"2025-03-01T10:15:45+00:00\" \/>\n<meta name=\"twitter:card\" content=\"summary_large_image\" \/>\n<meta name=\"twitter:label1\" content=\"Est. reading time\" \/>\n\t<meta name=\"twitter:data1\" content=\"1 minuta\" \/>\n<script type=\"application\/ld+json\" class=\"yoast-schema-graph\">{\"@context\":\"https:\\\/\\\/schema.org\",\"@graph\":[{\"@type\":\"WebPage\",\"@id\":\"https:\\\/\\\/eyga.net\\\/sl\\\/o-nas\\\/\",\"url\":\"https:\\\/\\\/eyga.net\\\/sl\\\/o-nas\\\/\",\"name\":\"O nas - Eyga.net\",\"isPartOf\":{\"@id\":\"https:\\\/\\\/eyga.net\\\/sl\\\/#website\"},\"datePublished\":\"2017-01-16T13:50:57+00:00\",\"dateModified\":\"2025-03-01T10:15:45+00:00\",\"breadcrumb\":{\"@id\":\"https:\\\/\\\/eyga.net\\\/sl\\\/o-nas\\\/#breadcrumb\"},\"inLanguage\":\"sl-SI\",\"potentialAction\":[{\"@type\":\"ReadAction\",\"target\":[\"https:\\\/\\\/eyga.net\\\/sl\\\/o-nas\\\/\"]}]},{\"@type\":\"BreadcrumbList\",\"@id\":\"https:\\\/\\\/eyga.net\\\/sl\\\/o-nas\\\/#breadcrumb\",\"itemListElement\":[{\"@type\":\"ListItem\",\"position\":1,\"name\":\"Home\",\"item\":\"https:\\\/\\\/eyga.net\\\/sl\\\/\"},{\"@type\":\"ListItem\",\"position\":2,\"name\":\"O nas\"}]},{\"@type\":\"WebSite\",\"@id\":\"https:\\\/\\\/eyga.net\\\/sl\\\/#website\",\"url\":\"https:\\\/\\\/eyga.net\\\/sl\\\/\",\"name\":\"Eyga.net\",\"description\":\"Eyga.net razvijanje, programiranje, svetovanje in marketing\",\"publisher\":{\"@id\":\"https:\\\/\\\/eyga.net\\\/sl\\\/#organization\"},\"potentialAction\":[{\"@type\":\"SearchAction\",\"target\":{\"@type\":\"EntryPoint\",\"urlTemplate\":\"https:\\\/\\\/eyga.net\\\/sl\\\/?s={search_term_string}\"},\"query-input\":{\"@type\":\"PropertyValueSpecification\",\"valueRequired\":true,\"valueName\":\"search_term_string\"}}],\"inLanguage\":\"sl-SI\"},{\"@type\":\"Organization\",\"@id\":\"https:\\\/\\\/eyga.net\\\/sl\\\/#organization\",\"name\":\"Eyga.net\",\"url\":\"https:\\\/\\\/eyga.net\\\/sl\\\/\",\"logo\":{\"@type\":\"ImageObject\",\"inLanguage\":\"sl-SI\",\"@id\":\"https:\\\/\\\/eyga.net\\\/sl\\\/#\\\/schema\\\/logo\\\/image\\\/\",\"url\":\"https:\\\/\\\/eyga.net\\\/sl\\\/wp-content\\\/uploads\\\/sites\\\/4\\\/2016\\\/05\\\/cropped-Eyga-logo.png\",\"contentUrl\":\"https:\\\/\\\/eyga.net\\\/sl\\\/wp-content\\\/uploads\\\/sites\\\/4\\\/2016\\\/05\\\/cropped-Eyga-logo.png\",\"width\":266,\"height\":126,\"caption\":\"Eyga.net\"},\"image\":{\"@id\":\"https:\\\/\\\/eyga.net\\\/sl\\\/#\\\/schema\\\/logo\\\/image\\\/\"}}]}<\/script>\n<!-- \/ Yoast SEO plugin. -->","yoast_head_json":{"title":"O nas - Eyga.net","robots":{"index":"index","follow":"follow","max-snippet":"max-snippet:-1","max-image-preview":"max-image-preview:large","max-video-preview":"max-video-preview:-1"},"canonical":"https:\/\/eyga.net\/sl\/o-nas\/","og_locale":"sl_SI","og_type":"article","og_title":"O nas - Eyga.net","og_description":"Eyga je blagovna znamka pod katero so zbrane vse marketin\u0161ke ter programerske dejavnosti podjetja EygaNet d.o.o. Naziv: EygaNet d.o.o. Naslov: Tesovnikova ulica 86B, 1000 Ljubljana IBAN: (OTP d.d.) Mati\u010dna \u0161tevilka: 9852247000 Dav\u010dna \u0161tevilka: 91554403","og_url":"https:\/\/eyga.net\/sl\/o-nas\/","og_site_name":"Eyga.net","article_modified_time":"2025-03-01T10:15:45+00:00","twitter_card":"summary_large_image","twitter_misc":{"Est. reading time":"1 minuta"},"schema":{"@context":"https:\/\/schema.org","@graph":[{"@type":"WebPage","@id":"https:\/\/eyga.net\/sl\/o-nas\/","url":"https:\/\/eyga.net\/sl\/o-nas\/","name":"O nas - Eyga.net","isPartOf":{"@id":"https:\/\/eyga.net\/sl\/#website"},"datePublished":"2017-01-16T13:50:57+00:00","dateModified":"2025-03-01T10:15:45+00:00","breadcrumb":{"@id":"https:\/\/eyga.net\/sl\/o-nas\/#breadcrumb"},"inLanguage":"sl-SI","potentialAction":[{"@type":"ReadAction","target":["https:\/\/eyga.net\/sl\/o-nas\/"]}]},{"@type":"BreadcrumbList","@id":"https:\/\/eyga.net\/sl\/o-nas\/#breadcrumb","itemListElement":[{"@type":"ListItem","position":1,"name":"Home","item":"https:\/\/eyga.net\/sl\/"},{"@type":"ListItem","position":2,"name":"O nas"}]},{"@type":"WebSite","@id":"https:\/\/eyga.net\/sl\/#website","url":"https:\/\/eyga.net\/sl\/","name":"Eyga.net","description":"Eyga.net razvijanje, programiranje, svetovanje in marketing","publisher":{"@id":"https:\/\/eyga.net\/sl\/#organization"},"potentialAction":[{"@type":"SearchAction","target":{"@type":"EntryPoint","urlTemplate":"https:\/\/eyga.net\/sl\/?s={search_term_string}"},"query-input":{"@type":"PropertyValueSpecification","valueRequired":true,"valueName":"search_term_string"}}],"inLanguage":"sl-SI"},{"@type":"Organization","@id":"https:\/\/eyga.net\/sl\/#organization","name":"Eyga.net","url":"https:\/\/eyga.net\/sl\/","logo":{"@type":"ImageObject","inLanguage":"sl-SI","@id":"https:\/\/eyga.net\/sl\/#\/schema\/logo\/image\/","url":"https:\/\/eyga.net\/sl\/wp-content\/uploads\/sites\/4\/2016\/05\/cropped-Eyga-logo.png","contentUrl":"https:\/\/eyga.net\/sl\/wp-content\/uploads\/sites\/4\/2016\/05\/cropped-Eyga-logo.png","width":266,"height":126,"caption":"Eyga.net"},"image":{"@id":"https:\/\/eyga.net\/sl\/#\/schema\/logo\/image\/"}}]}},"_links":{"self":[{"href":"https:\/\/eyga.net\/sl\/wp-json\/wp\/v2\/pages\/3487","targetHints":{"allow":["GET"]}}],"collection":[{"href":"https:\/\/eyga.net\/sl\/wp-json\/wp\/v2\/pages"}],"about":[{"href":"https:\/\/eyga.net\/sl\/wp-json\/wp\/v2\/types\/page"}],"author":[{"embeddable":true,"href":"https:\/\/eyga.net\/sl\/wp-json\/wp\/v2\/users\/1"}],"replies":[{"embeddable":true,"href":"https:\/\/eyga.net\/sl\/wp-json\/wp\/v2\/comments?post=3487"}],"version-history":[{"count":8,"href":"https:\/\/eyga.net\/sl\/wp-json\/wp\/v2\/pages\/3487\/revisions"}],"predecessor-version":[{"id":3625,"href":"https:\/\/eyga.net\/sl\/wp-json\/wp\/v2\/pages\/3487\/revisions\/3625"}],"wp:attachment":[{"href":"https:\/\/eyga.net\/sl\/wp-json\/wp\/v2\/media?parent=3487"}],"curies":[{"name":"wp","href":"https:\/\/api.w.org\/{rel}","templated":true}]}}