{"id":3511,"date":"2020-01-20T10:11:52","date_gmt":"2020-01-20T09:11:52","guid":{"rendered":"http:\/\/eyga.net\/sl\/?page_id=3511"},"modified":"2025-03-08T13:20:35","modified_gmt":"2025-03-08T12:20:35","slug":"pogoji-uporabe","status":"publish","type":"page","link":"https:\/\/eyga.net\/sl\/pogoji-uporabe\/","title":{"rendered":"Pogoji uporabe"},"content":{"rendered":"<div class=\"gb-container gb-container-5bbd5db5\"><div class=\"gb-inside-container\">\n\n<p><strong>Pogoji uporabe<\/strong><\/p>\n\n\n\n<p>Upravljalec te spletne strani je EygaNet d.o.o., Tesovnikova ulica 86B, 1000 Ljubljana, Slovenija. Te spletne strani dajejo splo\u0161ne informacije o EygaNet d.o.o.<br>Pojem \u00bblastnik spleti\u0161\u010da\u00ab, \u00bbupravljavec osebnih podatkov\u00ab oziroma \u00bbupravljavec\u00ab v teh splo\u0161nih pogojih pomeni dru\u017ebo EygaNet d.o.o., Tesovnikova ulica 86B, 1000 Ljubljana, Slovenija.<\/p>\n\n\n\n<p>EygaNet d.o.o.<br>Tesovnikova ulica 86B<br>1000 Ljubljana<br>Dav\u010dna \u0161tevilka SI: 91554403<br>Mati\u010dna \u0161tevilka: 9852247000<\/p>\n\n\n\n<p>Vse informacije in podatki na spletnih straneh so zgolj informativne narave in niso namenjeni vzpostavljanju zavezujo\u010dih pravnih razmerij ali vstopu v taka pravna razmerja, razen kadar je to izrecno navedeno.<\/p>\n\n\n\n<p>Upravljavec ne jam\u010di za to\u010dnost podatkov, objavljenih na spletni strani eyga.net.<\/p>\n\n\n\n<p>Z ogledom spletne strani se strinjate z vsem spodaj navedenim kakor tudi s pogoji uporabe. Pogoji uporabe oz. dolo\u010dbe o varovanju zasebnosti so pravno zavezujo\u010de.<\/p>\n\n\n\n<p><strong>Omejitev odgovornosti<\/strong><\/p>\n\n\n\n<p>Upravljalec bo urejal spletne strani s potrebno skrbnostjo, da bi zagotovil to\u010dne informacije in a\u017eurne podatke, kljub temu pa ne prevzema odgovornosti za njihovo to\u010dnost in celovitost. Pridr\u017eujemo si pravico, da kadarkoli in na kakr\u0161enkoli na\u010din brez predhodnega obvestila spremenimo vsebino spletnih strani ter pravnih obvestil.<\/p>\n\n\n\n<p>Uporabniki spletne strani eyga.net njeno vsebino uporabljajo na lastno odgovornost. Upravljavec. ne odgovarja za eventualne pomanjkljivosti ali napake vsebin na spletni strani. Upravljavec ali katerakoli druga pravna ali fizi\u010dna oseba, ki je sodelovala pri pripravi in izdelavi teh spletnih strani, ne odgovarja za kakr\u0161nokoli \u0161kodo, ki bi izhajala iz dostopa ali uporabe informacij na teh spletnih straneh oziroma nezmo\u017enosti dostopa\/uporabe teh informacij ali zaradi kakr\u0161nekoli napake ali pomanjkljivosti v njihovi vsebini.<\/p>\n\n\n\n<p>Upravljavec ne odgovarja za vsebino, ki jo na spletni strani objavijo uporabniki spletne strani.<\/p>\n\n\n\n<p><strong>Povezave do spletnih strani tretjih oseb<\/strong><\/p>\n\n\n\n<p>Na teh spletnih straneh so tudi informacije tretjih oseb in povezave z njihovimi spletnimi stranmi. Kjerkoli je po na\u0161i oceni primerno, je to ustrezno ozna\u010deno. Upravljavec ne prevzema nobene odgovornosti za informacije na spletnih straneh tretjih oseb ali za njihovo dosegljivost.<\/p>\n\n\n\n<p><strong>Pravice intelektualne lastnine<\/strong><\/p>\n\n\n\n<p>Vsebine na spletnih straneh so v zakonsko dovoljenem okviru predmet avtorske za\u0161\u010dite in\/ali druge oblike za\u0161\u010dite intelektualne lastnine. Vse vsebine, ki se nahajajo na spletnih straneh, so last Upravljavec in se lahko uporabljajo le v osebne, nekomercialne namene, kjer pa morajo ohraniti vsa navedena opozorila o avtorskih pravicah. Prepovedano je prepisovanje, razmno\u017eevanje, distribuiranje ali druga\u010dno raz\u0161irjanje vsebine, ki se nahaja na spletni strani, brez predhodnega pisnega dovoljenja predstavnika Domen \u0160mid s.p.<\/p>\n\n\n\n<p><strong>Varovanje zasebnosti<\/strong><\/p>\n\n\n\n<p>Upravljavec v skladu z veljavno zakonodajo o varstvu osebnih podatkov v Republiki Sloveniji varuje osebne podatke, ki jih pridobi od uporabnikov spletnih strani ali ki jih uporabniki posredujejo.<\/p>\n\n\n\n<p>Na\u0161o spletno stran lahko obi\u0161\u010dete brez navedbe svojih osebnih podatkov, prav tako le-ta ne zbira avtomatizirano va\u0161ih osebnih podatkov. Osebne podatke zbiramo le takrat, ko nam le-te posredujete sami. S posredovanjem osebnih podatkov se \u0161teje, da ste nam podali tudi osebno privoljenje za zbiranje in obdelavo teh podatkov.<\/p>\n\n\n\n<p>Podatke, ki nam jih posredujete, se uporablja zgolj v namen, za katerega so bili podani. Va\u0161i osebni podatki ostajajo v Domen \u0160mid s.p. Hranijo se na stre\u017enikih. Va\u0161ih osebnih podatkov v nobeni obliki ne bomo posredovali v uporabo tretjim osebam, razen \u010de se boste s tem strinjali ali na podlagi odlo\u010dbe pristojnega organa.<\/p>\n\n\n\n<p>Podatke ra\u010dunalni\u0161ko shranimo ali ra\u010dunalni\u0161ko obdelamo v Republiki Sloveniji in jih ne posredujemo v obdelovanje v tretje dr\u017eave.<\/p>\n\n\n\n<p><strong>Pi\u0161kotki<\/strong><\/p>\n\n\n\n<p>Pi\u0161kotek je manj\u0161a datoteka, ki se namesti na va\u0161o napravo med obiskom spletne strani in jo stran, ki je pi\u0161kotek izdala, prepozna. Namen uporabe pi\u0161kotkov je izbolj\u0161ati delovanje spletne strani in uporabni\u0161ke izku\u0161nje pri ogledu spletnih strani.<\/p>\n\n\n\n<p>Name\u0161\u010deni pi\u0161kotki:<br>PHPSESSID = Session cookie<br>wpEmojiSettingsSupports = Session storage<\/p>\n\n\n\n<p><strong>Varnost<\/strong><\/p>\n\n\n\n<p>Upravljalec uporablja tehni\u010dne in organizacijske varnostne ukrepe, ki va\u0161e osebne in druge podatke varujejo pred manipulacijo, izgubo, uni\u010denjem ali nepoobla\u0161\u010denim dostopom. Upravljavec osebne podatke obdeluje in varuje v skladu z zahtevami zakona, ki ureja varstvo osebnih podatkov.<\/p>\n\n\n\n<p><strong>Kontakt<\/strong><br>Z morebitnimi vpra\u0161anji glede te spletne strani se lahko obrnete na gabi@eyga.net.<\/p>\n\n\n\n<p><strong>Kon\u010dne dolo\u010dbe<\/strong><\/p>\n\n\n\n<p>Glede morebitnih vpra\u0161anj, ki niso urejena v tem dokumentu ter v primeru spora iz naslova uporabe spletne strani se uporablja pravo Republike Slovenije. Za re\u0161evanje morebitnih sporov je pristojno stvarno pristojno sodi\u0161\u010de v Ljubljani.<\/p>\n\n\n\n<p>EygaNet d.o.o., Tesovnikova ulica 86B, 1000 Ljubljana, Slovenija, ne priznava nobenega izvajalca IRPS kot pristojnega za re\u0161evanje potro\u0161ni\u0161kega spora, ki ga potro\u0161nik lahko spro\u017ei v skladu z Zakonom o izvensodnem re\u0161evanju potro\u0161ni\u0161kih sporov.<\/p>\n\n\n\n<p>Na vpra\u0161anja uporabnika o zaupnosti uporabnikovih podatkov, na\u010dinu zbiranja in uporabi podatkov ali \u017eelje po dodatnih informacijah, bo odgovorila odgovorna oseba za upravljanje s podatki:<br>Gabriela Nedi\u010d<br>gabi@eyga.net<\/p>\n\n<\/div><\/div>\n\n\n<p><\/p>\n","protected":false},"excerpt":{"rendered":"<p>Pogoji uporabe Upravljalec te spletne strani je EygaNet d.o.o., Tesovnikova ulica 86B, 1000 Ljubljana, Slovenija. Te spletne strani dajejo splo\u0161ne informacije o EygaNet d.o.o.Pojem \u00bblastnik spleti\u0161\u010da\u00ab, \u00bbupravljavec osebnih podatkov\u00ab oziroma \u00bbupravljavec\u00ab v teh splo\u0161nih pogojih pomeni dru\u017ebo EygaNet d.o.o., Tesovnikova &#8230; <a title=\"Pogoji uporabe\" class=\"read-more\" href=\"https:\/\/eyga.net\/sl\/pogoji-uporabe\/\" aria-label=\"Read more about Pogoji uporabe\">Read more<\/a><\/p>\n","protected":false},"author":1,"featured_media":0,"parent":0,"menu_order":0,"comment_status":"closed","ping_status":"closed","template":"","meta":{"footnotes":""},"class_list":["post-3511","page","type-page","status-publish"],"yoast_head":"<!-- This site is optimized with the Yoast SEO plugin v27.4 - https:\/\/yoast.com\/product\/yoast-seo-wordpress\/ -->\n<title>Pogoji uporabe - Eyga.net<\/title>\n<meta name=\"robots\" content=\"index, follow, max-snippet:-1, max-image-preview:large, max-video-preview:-1\" \/>\n<link rel=\"canonical\" href=\"https:\/\/eyga.net\/sl\/pogoji-uporabe\/\" \/>\n<meta property=\"og:locale\" content=\"sl_SI\" \/>\n<meta property=\"og:type\" content=\"article\" \/>\n<meta property=\"og:title\" content=\"Pogoji uporabe - Eyga.net\" \/>\n<meta property=\"og:description\" content=\"Pogoji uporabe Upravljalec te spletne strani je EygaNet d.o.o., Tesovnikova ulica 86B, 1000 Ljubljana, Slovenija. Te spletne strani dajejo splo\u0161ne informacije o EygaNet d.o.o.Pojem \u00bblastnik spleti\u0161\u010da\u00ab, \u00bbupravljavec osebnih podatkov\u00ab oziroma \u00bbupravljavec\u00ab v teh splo\u0161nih pogojih pomeni dru\u017ebo EygaNet d.o.o., Tesovnikova ... Read more\" \/>\n<meta property=\"og:url\" content=\"https:\/\/eyga.net\/sl\/pogoji-uporabe\/\" \/>\n<meta property=\"og:site_name\" content=\"Eyga.net\" \/>\n<meta property=\"article:modified_time\" content=\"2025-03-08T12:20:35+00:00\" \/>\n<meta name=\"twitter:card\" content=\"summary_large_image\" \/>\n<meta name=\"twitter:label1\" content=\"Est. reading time\" \/>\n\t<meta name=\"twitter:data1\" content=\"5 minut\" \/>\n<script type=\"application\/ld+json\" class=\"yoast-schema-graph\">{\"@context\":\"https:\\\/\\\/schema.org\",\"@graph\":[{\"@type\":\"WebPage\",\"@id\":\"https:\\\/\\\/eyga.net\\\/sl\\\/pogoji-uporabe\\\/\",\"url\":\"https:\\\/\\\/eyga.net\\\/sl\\\/pogoji-uporabe\\\/\",\"name\":\"Pogoji uporabe - Eyga.net\",\"isPartOf\":{\"@id\":\"https:\\\/\\\/eyga.net\\\/sl\\\/#website\"},\"datePublished\":\"2020-01-20T09:11:52+00:00\",\"dateModified\":\"2025-03-08T12:20:35+00:00\",\"breadcrumb\":{\"@id\":\"https:\\\/\\\/eyga.net\\\/sl\\\/pogoji-uporabe\\\/#breadcrumb\"},\"inLanguage\":\"sl-SI\",\"potentialAction\":[{\"@type\":\"ReadAction\",\"target\":[\"https:\\\/\\\/eyga.net\\\/sl\\\/pogoji-uporabe\\\/\"]}]},{\"@type\":\"BreadcrumbList\",\"@id\":\"https:\\\/\\\/eyga.net\\\/sl\\\/pogoji-uporabe\\\/#breadcrumb\",\"itemListElement\":[{\"@type\":\"ListItem\",\"position\":1,\"name\":\"Home\",\"item\":\"https:\\\/\\\/eyga.net\\\/sl\\\/\"},{\"@type\":\"ListItem\",\"position\":2,\"name\":\"Pogoji uporabe\"}]},{\"@type\":\"WebSite\",\"@id\":\"https:\\\/\\\/eyga.net\\\/sl\\\/#website\",\"url\":\"https:\\\/\\\/eyga.net\\\/sl\\\/\",\"name\":\"Eyga.net\",\"description\":\"Eyga.net razvijanje, programiranje, svetovanje in marketing\",\"publisher\":{\"@id\":\"https:\\\/\\\/eyga.net\\\/sl\\\/#organization\"},\"potentialAction\":[{\"@type\":\"SearchAction\",\"target\":{\"@type\":\"EntryPoint\",\"urlTemplate\":\"https:\\\/\\\/eyga.net\\\/sl\\\/?s={search_term_string}\"},\"query-input\":{\"@type\":\"PropertyValueSpecification\",\"valueRequired\":true,\"valueName\":\"search_term_string\"}}],\"inLanguage\":\"sl-SI\"},{\"@type\":\"Organization\",\"@id\":\"https:\\\/\\\/eyga.net\\\/sl\\\/#organization\",\"name\":\"Eyga.net\",\"url\":\"https:\\\/\\\/eyga.net\\\/sl\\\/\",\"logo\":{\"@type\":\"ImageObject\",\"inLanguage\":\"sl-SI\",\"@id\":\"https:\\\/\\\/eyga.net\\\/sl\\\/#\\\/schema\\\/logo\\\/image\\\/\",\"url\":\"https:\\\/\\\/eyga.net\\\/sl\\\/wp-content\\\/uploads\\\/sites\\\/4\\\/2016\\\/05\\\/cropped-Eyga-logo.png\",\"contentUrl\":\"https:\\\/\\\/eyga.net\\\/sl\\\/wp-content\\\/uploads\\\/sites\\\/4\\\/2016\\\/05\\\/cropped-Eyga-logo.png\",\"width\":266,\"height\":126,\"caption\":\"Eyga.net\"},\"image\":{\"@id\":\"https:\\\/\\\/eyga.net\\\/sl\\\/#\\\/schema\\\/logo\\\/image\\\/\"}}]}<\/script>\n<!-- \/ Yoast SEO plugin. -->","yoast_head_json":{"title":"Pogoji uporabe - Eyga.net","robots":{"index":"index","follow":"follow","max-snippet":"max-snippet:-1","max-image-preview":"max-image-preview:large","max-video-preview":"max-video-preview:-1"},"canonical":"https:\/\/eyga.net\/sl\/pogoji-uporabe\/","og_locale":"sl_SI","og_type":"article","og_title":"Pogoji uporabe - Eyga.net","og_description":"Pogoji uporabe Upravljalec te spletne strani je EygaNet d.o.o., Tesovnikova ulica 86B, 1000 Ljubljana, Slovenija. Te spletne strani dajejo splo\u0161ne informacije o EygaNet d.o.o.Pojem \u00bblastnik spleti\u0161\u010da\u00ab, \u00bbupravljavec osebnih podatkov\u00ab oziroma \u00bbupravljavec\u00ab v teh splo\u0161nih pogojih pomeni dru\u017ebo EygaNet d.o.o., Tesovnikova ... Read more","og_url":"https:\/\/eyga.net\/sl\/pogoji-uporabe\/","og_site_name":"Eyga.net","article_modified_time":"2025-03-08T12:20:35+00:00","twitter_card":"summary_large_image","twitter_misc":{"Est. reading time":"5 minut"},"schema":{"@context":"https:\/\/schema.org","@graph":[{"@type":"WebPage","@id":"https:\/\/eyga.net\/sl\/pogoji-uporabe\/","url":"https:\/\/eyga.net\/sl\/pogoji-uporabe\/","name":"Pogoji uporabe - Eyga.net","isPartOf":{"@id":"https:\/\/eyga.net\/sl\/#website"},"datePublished":"2020-01-20T09:11:52+00:00","dateModified":"2025-03-08T12:20:35+00:00","breadcrumb":{"@id":"https:\/\/eyga.net\/sl\/pogoji-uporabe\/#breadcrumb"},"inLanguage":"sl-SI","potentialAction":[{"@type":"ReadAction","target":["https:\/\/eyga.net\/sl\/pogoji-uporabe\/"]}]},{"@type":"BreadcrumbList","@id":"https:\/\/eyga.net\/sl\/pogoji-uporabe\/#breadcrumb","itemListElement":[{"@type":"ListItem","position":1,"name":"Home","item":"https:\/\/eyga.net\/sl\/"},{"@type":"ListItem","position":2,"name":"Pogoji uporabe"}]},{"@type":"WebSite","@id":"https:\/\/eyga.net\/sl\/#website","url":"https:\/\/eyga.net\/sl\/","name":"Eyga.net","description":"Eyga.net razvijanje, programiranje, svetovanje in marketing","publisher":{"@id":"https:\/\/eyga.net\/sl\/#organization"},"potentialAction":[{"@type":"SearchAction","target":{"@type":"EntryPoint","urlTemplate":"https:\/\/eyga.net\/sl\/?s={search_term_string}"},"query-input":{"@type":"PropertyValueSpecification","valueRequired":true,"valueName":"search_term_string"}}],"inLanguage":"sl-SI"},{"@type":"Organization","@id":"https:\/\/eyga.net\/sl\/#organization","name":"Eyga.net","url":"https:\/\/eyga.net\/sl\/","logo":{"@type":"ImageObject","inLanguage":"sl-SI","@id":"https:\/\/eyga.net\/sl\/#\/schema\/logo\/image\/","url":"https:\/\/eyga.net\/sl\/wp-content\/uploads\/sites\/4\/2016\/05\/cropped-Eyga-logo.png","contentUrl":"https:\/\/eyga.net\/sl\/wp-content\/uploads\/sites\/4\/2016\/05\/cropped-Eyga-logo.png","width":266,"height":126,"caption":"Eyga.net"},"image":{"@id":"https:\/\/eyga.net\/sl\/#\/schema\/logo\/image\/"}}]}},"_links":{"self":[{"href":"https:\/\/eyga.net\/sl\/wp-json\/wp\/v2\/pages\/3511","targetHints":{"allow":["GET"]}}],"collection":[{"href":"https:\/\/eyga.net\/sl\/wp-json\/wp\/v2\/pages"}],"about":[{"href":"https:\/\/eyga.net\/sl\/wp-json\/wp\/v2\/types\/page"}],"author":[{"embeddable":true,"href":"https:\/\/eyga.net\/sl\/wp-json\/wp\/v2\/users\/1"}],"replies":[{"embeddable":true,"href":"https:\/\/eyga.net\/sl\/wp-json\/wp\/v2\/comments?post=3511"}],"version-history":[{"count":9,"href":"https:\/\/eyga.net\/sl\/wp-json\/wp\/v2\/pages\/3511\/revisions"}],"predecessor-version":[{"id":3639,"href":"https:\/\/eyga.net\/sl\/wp-json\/wp\/v2\/pages\/3511\/revisions\/3639"}],"wp:attachment":[{"href":"https:\/\/eyga.net\/sl\/wp-json\/wp\/v2\/media?parent=3511"}],"curies":[{"name":"wp","href":"https:\/\/api.w.org\/{rel}","templated":true}]}}