{"id":3547,"date":"2022-01-03T21:04:34","date_gmt":"2022-01-03T21:04:34","guid":{"rendered":"https:\/\/gpsites.co\/freelance\/?page_id=7"},"modified":"2025-03-08T10:58:12","modified_gmt":"2025-03-08T09:58:12","slug":"home","status":"publish","type":"page","link":"https:\/\/eyga.net\/sl\/","title":{"rendered":"Domov"},"content":{"rendered":"<div class=\"gb-container gb-container-cc53fb6a\"><div class=\"gb-inside-container\">\n<div class=\"gb-grid-wrapper gb-grid-wrapper-f7ac4d44\">\n<div class=\"gb-grid-column gb-grid-column-ecc82238\"><div class=\"gb-container gb-container-ecc82238\"><div class=\"gb-inside-container\">\n\n<div class=\"gb-headline gb-headline-bec3415d gb-headline-text\">Dobrodo\u0161li na eyga.net<\/div>\n\n\n\n<h1 class=\"gb-headline gb-headline-cc50ef5c gb-headline-text\">Baze podatkov, poslovna inteligenca, razvijanje spletnih aplikacij<\/h1>\n\n\n<div class=\"gb-button-wrapper gb-button-wrapper-e291760a\">\n\n<a class=\"gb-button gb-button-7bce46fb smooth-scroll\" href=\"https:\/\/eyga.net\/sl\/kontakt\/\"><span class=\"gb-button-text\">KONTAKT<\/span><span class=\"gb-icon\"><svg aria-hidden=\"true\" role=\"img\" height=\"1em\" width=\"1em\" viewBox=\"0 0 512 512\" xmlns=\"http:\/\/www.w3.org\/2000\/svg\"><path fill=\"currentColor\" d=\"M464 64H48C21.49 64 0 85.49 0 112v288c0 26.51 21.49 48 48 48h416c26.51 0 48-21.49 48-48V112c0-26.51-21.49-48-48-48zm0 48v40.805c-22.422 18.259-58.168 46.651-134.587 106.49-16.841 13.247-50.201 45.072-73.413 44.701-23.208.375-56.579-31.459-73.413-44.701C106.18 199.465 70.425 171.067 48 152.805V112h416zM48 400V214.398c22.914 18.251 55.409 43.862 104.938 82.646 21.857 17.205 60.134 55.186 103.062 54.955 42.717.231 80.509-37.199 103.053-54.947 49.528-38.783 82.032-64.401 104.947-82.653V400H48z\"><\/path><\/svg><\/span><\/a>\n\n<\/div>\n<\/div><\/div><\/div>\n<\/div>\n<\/div><\/div>\n\n<div class=\"gb-container gb-container-a9b0dcc5\"><div class=\"gb-inside-container\">\n<div class=\"gb-grid-wrapper gb-grid-wrapper-deb891c0\">\n<div class=\"gb-grid-column gb-grid-column-8dce9062\"><div class=\"gb-container gb-container-8dce9062\"><div class=\"gb-inside-container\">\n\n<div class=\"gb-headline gb-headline-a8ee66ff gb-headline-text\"><meta charset=\"utf-8\">O nas<\/div>\n\n\n\n<h2 class=\"gb-headline gb-headline-e75b6b4b gb-headline-text\">Programiranje, svetovanje in optimiziranje \u2013 natan\u010dno strokovno in ob dogovorjenem roku.<\/h2>\n\n\n\n<p>Eyga je blagovna znamka pod katero so zbrane vse marketin\u0161ke ter programerske dejavnosti podjetja Ra\u010dunalni\u0161ko programiranje, Domen \u0160mid s.p.<\/p>\n\n<\/div><\/div><\/div>\n<\/div>\n<\/div><\/div>\n\n<div class=\"gb-container gb-container-140a4c8f\"><div class=\"gb-inside-container\">\n\n<div class=\"gb-headline gb-headline-98f911c9\"><span class=\"gb-icon\"><svg xml:space=\"preserve\" style=\"enable-background:new 0 0 33.55 32.6\" viewBox=\"0 0 33.55 32.6\" xmlns=\"http:\/\/www.w3.org\/2000\/svg\"><path d=\"M0 0h6.7v6.7H4.59V2.12H0zM0 12.95h6.7v6.7H4.59v-4.59H0zM0 25.89h6.7v6.71H4.59v-4.59H0z\"><\/path><g><path d=\"M13.43 0h6.7v6.7h-2.12V2.12h-4.59zM13.43 12.95h6.7v6.7h-2.12v-4.59h-4.59zM13.43 25.89h6.7v6.71h-2.12v-4.59h-4.59z\"><\/path><\/g><g><path d=\"M26.85 0h6.7v6.7h-2.11V2.12h-4.59zM26.85 12.95h6.7v6.7h-2.11v-4.59h-4.59zM26.85 25.89h6.7v6.71h-2.11v-4.59h-4.59z\"><\/path><\/g><\/svg><\/span><span class=\"gb-headline-text\">Software &amp; programski jeziki<\/span><\/div>\n\n<\/div><\/div>\n\n<div class=\"gb-container gb-container-f72ccd00\"><div class=\"gb-inside-container\">\n<div class=\"gb-grid-wrapper gb-grid-wrapper-c39ee860\">\n<div class=\"gb-grid-column gb-grid-column-7b7b4272\"><div class=\"gb-container gb-container-7b7b4272\"><div class=\"gb-inside-container\">\n\n<figure class=\"gb-block-image gb-block-image-00be2ad9\"><img loading=\"lazy\" decoding=\"async\" width=\"80\" height=\"80\" class=\"gb-image gb-image-00be2ad9\" src=\"https:\/\/eyga.net\/sl\/wp-content\/uploads\/sites\/4\/2023\/01\/microsoftsqlserver-svgrepo-com-80x80.png\" alt=\"\" title=\"microsoftsqlserver-svgrepo-com\" srcset=\"https:\/\/eyga.net\/sl\/wp-content\/uploads\/sites\/4\/2023\/01\/microsoftsqlserver-svgrepo-com-80x80.png 80w, https:\/\/eyga.net\/sl\/wp-content\/uploads\/sites\/4\/2023\/01\/microsoftsqlserver-svgrepo-com-300x300.png 300w, https:\/\/eyga.net\/sl\/wp-content\/uploads\/sites\/4\/2023\/01\/microsoftsqlserver-svgrepo-com.png 512w\" sizes=\"auto, (max-width: 80px) 100vw, 80px\" \/><\/figure>\n\n<\/div><\/div><\/div>\n\n<div class=\"gb-grid-column gb-grid-column-5b59ad1a\"><div class=\"gb-container gb-container-5b59ad1a\"><div class=\"gb-inside-container\">\n\n<figure class=\"gb-block-image gb-block-image-429b1e6c\"><img loading=\"lazy\" decoding=\"async\" width=\"80\" height=\"80\" class=\"gb-image gb-image-429b1e6c\" src=\"https:\/\/eyga.net\/sl\/wp-content\/uploads\/sites\/4\/2023\/01\/mysql-svgrepo-com-80x80.png\" alt=\"\" title=\"mysql-svgrepo-com\" srcset=\"https:\/\/eyga.net\/sl\/wp-content\/uploads\/sites\/4\/2023\/01\/mysql-svgrepo-com-80x80.png 80w, https:\/\/eyga.net\/sl\/wp-content\/uploads\/sites\/4\/2023\/01\/mysql-svgrepo-com-300x300.png 300w, https:\/\/eyga.net\/sl\/wp-content\/uploads\/sites\/4\/2023\/01\/mysql-svgrepo-com.png 512w\" sizes=\"auto, (max-width: 80px) 100vw, 80px\" \/><\/figure>\n\n<\/div><\/div><\/div>\n\n<div class=\"gb-grid-column gb-grid-column-d6d9a7d9\"><div class=\"gb-container gb-container-d6d9a7d9\"><div class=\"gb-inside-container\">\n\n<div class=\"gb-headline gb-headline-699b6fe8\"><span class=\"gb-icon\"><svg xml:space=\"preserve\" style=\"enable-background:new 0 0 38.6 38.6\" viewBox=\"0 0 38.6 38.6\" xmlns=\"http:\/\/www.w3.org\/2000\/svg\"><path d=\"M19.3 0C8.7 0 0 8.7 0 19.3s8.7 19.3 19.3 19.3 19.3-8.7 19.3-19.3S29.9 0 19.3 0zM2 19.3c0-2.5.6-4.9 1.5-7L11.8 35C6 32.1 2 26.2 2 19.3zm17.3 17.4c-1.7 0-3.4-.3-4.9-.7l5.2-15.1 5.3 14.6c0 .1.1.2.1.2-1.7.6-3.7 1-5.7 1zm2.4-25.5c1.1-.1 2-.2 2-.2 1-.1.9-1.4-.1-1.4 0 0-2.8.2-4.6.2-1.7 0-4.5-.2-4.5-.2-1-.1-1.1 1.3-.1 1.4l1.8.2 2.7 7.4-4 11.3-6.3-18.7c1.1-.1 2-.2 2-.2 1-.1.9-1.4-.1-1.4 0 0-2.8.2-4.6.2H4.7C7.8 5.1 13.1 2 19.2 2c4.5 0 8.6 1.7 11.7 4.5h-.2c-1.7 0-2.9 1.4-2.9 3.1 0 1.4.9 2.6 1.7 4 .7 1.2 1.4 2.6 1.4 4.8 0 1.4-.6 3.2-1.3 5.6l-1.7 5.8-6.2-18.6zm12.9-.2c1.3 2.5 2.1 5.3 2.1 8.3 0 6.4-3.5 12-8.6 14.9l5.3-15.3c1-2.5 1.3-4.4 1.3-6.2-.1-.5-.1-1.2-.1-1.7z\"><\/path><\/svg><\/span><\/div>\n\n<\/div><\/div><\/div>\n\n<div class=\"gb-grid-column gb-grid-column-50a91330\"><div class=\"gb-container gb-container-50a91330\"><div class=\"gb-inside-container\">\n\n<div class=\"gb-headline gb-headline-5354e2bf\"><span class=\"gb-icon\"><svg xml:space=\"preserve\" style=\"enable-background:new 0 0 100 50\" viewBox=\"0 0 100 50\" xmlns=\"http:\/\/www.w3.org\/2000\/svg\"><path d=\"M7.6 11.1h14.2c4.2 0 7.2 1.2 9.1 3.6 1.9 2.4 2.5 5.6 1.9 9.7-.2 1.9-.8 3.7-1.6 5.5-.8 1.8-1.9 3.4-3.4 4.9-1.8 1.8-3.7 3-5.7 3.5s-4.1.7-6.3.7H9.4l-2 10.1H0l7.6-38m6.2 6.1-3.2 15.9c.2 0 .4.1.6.1h.7c3.4 0 6.2-.3 8.5-1s3.8-3.3 4.6-7.7c.6-3.7 0-5.8-1.9-6.4-1.9-.6-4.2-.8-7-.8-.4 0-.8.1-1.2.1-.4-.2-.8-.2-1.1-.2M41.1 1h7.3l-2.1 10.1h6.6c3.6.1 6.3.8 8.1 2.2 1.8 1.4 2.3 4.1 1.6 8.1L59 39.1h-7.4L55 22.2c.4-1.8.2-3-.3-3.8-.6-.7-1.8-1.1-3.7-1.1l-5.9-.1L40.8 39h-7.3l7.6-38M70.4 11.1h14.2c4.2 0 7.2 1.2 9.1 3.6 1.9 2.4 2.5 5.6 1.9 9.7-.2 1.9-.8 3.7-1.6 5.5-.8 1.8-1.9 3.4-3.4 4.9-1.8 1.8-3.7 3-5.7 3.5s-4.1.7-6.3.7h-6.4l-2 10.1h-7.4l7.6-38m6.2 6.1-3.2 15.9c.2 0 .4.1.6.1h.7c3.4 0 6.2-.3 8.5-1s3.8-3.3 4.6-7.7c.6-3.7 0-5.8-1.9-6.4-1.9-.6-4.2-.8-7-.8-.4 0-.8.1-1.2.1-.4-.2-.8-.2-1.1-.2\"><\/path><\/svg><\/span><\/div>\n\n<\/div><\/div><\/div>\n\n<div class=\"gb-grid-column gb-grid-column-2deb3577\"><div class=\"gb-container gb-container-2deb3577\"><div class=\"gb-inside-container\">\n\n<div class=\"gb-headline gb-headline-ccf7c5e9\"><span class=\"gb-icon\"><svg xml:space=\"preserve\" style=\"enable-background:new 0 0 100 28.2\" viewBox=\"0 0 100 28.2\" xmlns=\"http:\/\/www.w3.org\/2000\/svg\"><path d=\"M91.996 10.01c-.24 0-.48.044-.697.174l-6.626 3.836c-.436.24-.697.72-.697 1.22v7.65c0 .502.261.96.697 1.221l1.722 1.003c.85.414 1.155.414 1.526.414 1.242 0 1.961-.763 1.961-2.07v-7.585c0-.11-.087-.175-.196-.175h-.828c-.109 0-.196.088-.196.175v7.54c0 .59-.61 1.178-1.591.676l-1.81-1.046c-.065-.043-.108-.087-.108-.174V15.24c0-.066.043-.153.109-.175l6.625-3.814a.163.163 0 0 1 .197 0l6.625 3.793c.065.043.11.108.11.174v7.65c0 .065-.045.152-.11.174l-6.625 3.814a.163.163 0 0 1-.197 0l-1.7-1.002a.24.24 0 0 0-.174 0c-.48.261-.567.305-1.002.457-.11.044-.284.087.065.284l2.223 1.307c.218.131.458.175.697.175.24 0 .48-.066.698-.175l6.625-3.814c.436-.24.698-.719.698-1.22V15.24c0-.502-.262-.96-.698-1.22l-6.625-3.837a1.934 1.934 0 0 0-.698-.174zm1.766 5.47c-1.896 0-3.008.807-3.008 2.136 0 1.439 1.112 1.853 2.92 2.027 2.158.218 2.333.523 2.333.96 0 .74-.589 1.045-1.984 1.045-1.743 0-2.136-.436-2.266-1.307-.022-.088-.088-.175-.175-.175h-.85a.195.195 0 0 0-.196.196c0 1.112.61 2.441 3.51 2.441 2.091 0 3.312-.828 3.312-2.266 0-1.439-.98-1.81-3.008-2.093-2.049-.283-2.245-.414-2.245-.893 0-.392.175-.937 1.7-.937 1.352 0 1.853.283 2.07 1.22.023.087.088.153.175.153h.85c.044 0 .11-.022.13-.066.045-.043.066-.087.066-.13-.152-1.57-1.22-2.31-3.334-2.31zM53.006.006a.42.42 0 0 0-.218.066.422.422 0 0 0-.218.37V11.21a.31.31 0 0 1-.13.261.371.371 0 0 1-.306 0l-1.765-1.002a.846.846 0 0 0-.85 0l-6.996 4.01a.85.85 0 0 0-.414.74v8.108a.85.85 0 0 0 .414.741l7.017 4.054a.846.846 0 0 0 .85 0l7.018-4.054a.85.85 0 0 0 .414-.74V3.122a.87.87 0 0 0-.435-.741L53.202.05c-.044-.044-.109-.044-.196-.044zM7.826 10.12a.57.57 0 0 0-.37.109l-7.04 4.054a.85.85 0 0 0-.415.74l.022 10.876a.45.45 0 0 0 .218.37.36.36 0 0 0 .414 0l4.163-2.397a.87.87 0 0 0 .436-.74v-5.079a.85.85 0 0 1 .414-.74l1.765-1.025a.978.978 0 0 1 .414-.11c.153 0 .284.044.415.11l1.765 1.024a.85.85 0 0 1 .414.741v5.078c0 .305.174.567.436.741l4.163 2.398a.36.36 0 0 0 .414 0 .422.422 0 0 0 .218-.37l.021-10.876a.85.85 0 0 0-.414-.741l-6.996-4.054a1.045 1.045 0 0 0-.37-.11h-.087zm63.117.109a.901.901 0 0 0-.414.109l-7.04 4.054a.85.85 0 0 0-.414.74v8.108a.87.87 0 0 0 .436.741l6.974 3.967a.86.86 0 0 0 .828.022l4.228-2.354a.422.422 0 0 0 .218-.37.45.45 0 0 0-.218-.371L68.48 20.82a.422.422 0 0 1-.218-.37V17.9a.45.45 0 0 1 .218-.37l2.201-1.265a.462.462 0 0 1 .414 0l2.202 1.264c.13.065.218.218.218.37v2.006a.45.45 0 0 0 .217.37c.131.066.284.087.415 0l4.206-2.44a.85.85 0 0 0 .414-.742v-1.961a.85.85 0 0 0-.414-.741l-6.974-4.054a.766.766 0 0 0-.436-.11zm-21.01 6.037c.043 0 .087 0 .109.022l2.397 1.395c.066.043.11.109.11.174v2.79c0 .065-.044.152-.11.174l-2.397 1.395a.198.198 0 0 1-.218 0l-2.398-1.395c-.065-.044-.109-.109-.109-.174v-2.768c0-.066.044-.153.11-.175l2.397-1.394c.043-.022.087-.044.109-.044z\"><\/path><path d=\"M28.923 10.184a.901.901 0 0 0-.414.11l-7.018 4.031a.85.85 0 0 0-.414.741v8.108a.85.85 0 0 0 .414.74l7.018 4.055a.846.846 0 0 0 .85 0l7.018-4.054a.85.85 0 0 0 .414-.741v-8.108a.85.85 0 0 0-.414-.74l-7.018-4.033a.766.766 0 0 0-.436-.109zM70.92 17.42c-.022 0-.065 0-.087.022l-1.351.785c-.044.021-.088.087-.088.13v1.548c0 .065.044.109.088.13l1.35.785a.186.186 0 0 0 .153 0l1.352-.785c.043-.021.087-.087.087-.13v-1.548a.147.147 0 0 0-.087-.13l-1.352-.785c-.021-.022-.021-.022-.065-.022z\"><\/path><\/svg><\/span><\/div>\n\n<\/div><\/div><\/div>\n\n<div class=\"gb-grid-column gb-grid-column-5d3051af\"><div class=\"gb-container gb-container-5d3051af\"><div class=\"gb-inside-container\">\n\n<figure class=\"gb-block-image gb-block-image-5194a680\"><img loading=\"lazy\" decoding=\"async\" width=\"80\" height=\"80\" class=\"gb-image gb-image-5194a680\" src=\"https:\/\/eyga.net\/sl\/wp-content\/uploads\/sites\/4\/2023\/01\/file-files-and-folders-svgrepo-com-80x80.png\" alt=\"\" title=\"file-files-and-folders-svgrepo-com\" srcset=\"https:\/\/eyga.net\/sl\/wp-content\/uploads\/sites\/4\/2023\/01\/file-files-and-folders-svgrepo-com-80x80.png 80w, https:\/\/eyga.net\/sl\/wp-content\/uploads\/sites\/4\/2023\/01\/file-files-and-folders-svgrepo-com-300x300.png 300w, https:\/\/eyga.net\/sl\/wp-content\/uploads\/sites\/4\/2023\/01\/file-files-and-folders-svgrepo-com.png 512w\" sizes=\"auto, (max-width: 80px) 100vw, 80px\" \/><\/figure>\n\n<\/div><\/div><\/div>\n<\/div>\n<\/div><\/div>\n\n<div class=\"gb-container gb-container-d8763dbc\" id=\"projects\"><div class=\"gb-inside-container\">\n<div class=\"gb-grid-wrapper gb-grid-wrapper-7eddbf71\">\n<div class=\"gb-grid-column gb-grid-column-56bba240\"><div class=\"gb-container gb-container-56bba240\"><div class=\"gb-inside-container\">\n\n<figure class=\"wp-block-image size-large is-resized\"><img decoding=\"async\" src=\"https:\/\/eyga.net\/sl\/wp-content\/uploads\/sites\/4\/2022\/01\/code.svg\" alt=\"\" class=\"wp-image-298\" style=\"width:600px\"\/><\/figure>\n\n<\/div><\/div><\/div>\n\n<div class=\"gb-grid-column gb-grid-column-b22ad8b1\"><div class=\"gb-container gb-container-b22ad8b1\"><div class=\"gb-inside-container\">\n\n<div class=\"gb-headline gb-headline-3450965c gb-headline-text\">storitve<\/div>\n\n\n\n<h2 class=\"gb-headline gb-headline-00564326 gb-headline-text\">V podjetju nudimo storitve programiranja (in svetovanja):<\/h2>\n\n\n\n<ul class=\"wp-block-list\">\n<li>razvoja na Microsoft SQL Server in MySQL podatkovnih bazah,<\/li>\n<\/ul>\n\n\n\n<ul class=\"wp-block-list\">\n<li>optimizacije poizvedb (izbolj\u0161anje hitrosti in porabe virov) na podatkovnih bazah,<\/li>\n<\/ul>\n\n\n\n<ul class=\"wp-block-list\">\n<li>priprava kompleksnih poizvedb,<\/li>\n<\/ul>\n\n\n\n<ul class=\"wp-block-list\">\n<li>pripravo poro\u010dil s pomo\u010djo Microsoft SQL Server Reporting Services ali pa prikaz preko spletnih strani,<\/li>\n<\/ul>\n\n\n\n<ul class=\"wp-block-list\">\n<li>razvoj spletnih aplikacij (PHP, ASP.NET).<\/li>\n<\/ul>\n\n\n<div class=\"gb-button-wrapper gb-button-wrapper-4c386da3\">\n\n<a class=\"gb-button gb-button-bc6f7bde smooth-scroll\" href=\"https:\/\/eyga.net\/sl\/programiranje\/\"><span class=\"gb-button-text\">VE\u010c<\/span><span class=\"gb-icon\"><svg viewBox=\"0 0 16 16\" class=\"bi bi-arrow-right\" fill=\"currentColor\" height=\"16\" width=\"16\" xmlns=\"http:\/\/www.w3.org\/2000\/svg\">   <path d=\"M1 8a.5.5 0 0 1 .5-.5h11.793l-3.147-3.146a.5.5 0 0 1 .708-.708l4 4a.5.5 0 0 1 0 .708l-4 4a.5.5 0 0 1-.708-.708L13.293 8.5H1.5A.5.5 0 0 1 1 8z\" fill-rule=\"evenodd\"><\/path> <\/svg><\/span><\/a>\n\n<\/div>\n<\/div><\/div><\/div>\n<\/div>\n<\/div><\/div>","protected":false},"excerpt":{"rendered":"<p>Software &amp; programski jeziki<\/p>\n","protected":false},"author":1,"featured_media":0,"parent":0,"menu_order":0,"comment_status":"closed","ping_status":"closed","template":"","meta":{"footnotes":""},"class_list":["post-3547","page","type-page","status-publish"],"yoast_head":"<!-- This site is optimized with the Yoast SEO plugin v27.5 - https:\/\/yoast.com\/product\/yoast-seo-wordpress\/ -->\n<title>Domov - Eyga.net<\/title>\n<meta name=\"description\" content=\"Eyga.net: razvoj na Microsoft SQL Server in MySQL podatkovnih bazah, optimizacija poizvedb (izbolj\u0161anje hitrosti in porabe virov) na podatkovnih bazah ...\" \/>\n<meta name=\"robots\" content=\"index, follow, max-snippet:-1, max-image-preview:large, max-video-preview:-1\" \/>\n<link rel=\"canonical\" href=\"https:\/\/eyga.net\/sl\/\" \/>\n<meta property=\"og:locale\" content=\"sl_SI\" \/>\n<meta property=\"og:type\" content=\"article\" \/>\n<meta property=\"og:title\" content=\"Domov - Eyga.net\" \/>\n<meta property=\"og:description\" content=\"Eyga.net: razvoj na Microsoft SQL Server in MySQL podatkovnih bazah, optimizacija poizvedb (izbolj\u0161anje hitrosti in porabe virov) na podatkovnih bazah ...\" \/>\n<meta property=\"og:url\" content=\"https:\/\/eyga.net\/sl\/\" \/>\n<meta property=\"og:site_name\" content=\"Eyga.net\" \/>\n<meta property=\"article:modified_time\" content=\"2025-03-08T09:58:12+00:00\" \/>\n<meta property=\"og:image\" content=\"https:\/\/eyga.net\/sl\/wp-content\/uploads\/sites\/4\/2023\/01\/microsoftsqlserver-svgrepo-com-80x80.png\" \/>\n<meta name=\"twitter:card\" content=\"summary_large_image\" \/>\n<meta name=\"twitter:label1\" content=\"Est. reading time\" \/>\n\t<meta name=\"twitter:data1\" content=\"2 minuti\" \/>\n<script type=\"application\/ld+json\" class=\"yoast-schema-graph\">{\"@context\":\"https:\\\/\\\/schema.org\",\"@graph\":[{\"@type\":\"WebPage\",\"@id\":\"https:\\\/\\\/eyga.net\\\/sl\\\/\",\"url\":\"https:\\\/\\\/eyga.net\\\/sl\\\/\",\"name\":\"Domov - Eyga.net\",\"isPartOf\":{\"@id\":\"https:\\\/\\\/eyga.net\\\/sl\\\/#website\"},\"primaryImageOfPage\":{\"@id\":\"https:\\\/\\\/eyga.net\\\/sl\\\/#primaryimage\"},\"image\":{\"@id\":\"https:\\\/\\\/eyga.net\\\/sl\\\/#primaryimage\"},\"thumbnailUrl\":\"https:\\\/\\\/eyga.net\\\/sl\\\/wp-content\\\/uploads\\\/sites\\\/4\\\/2023\\\/01\\\/microsoftsqlserver-svgrepo-com-80x80.png\",\"datePublished\":\"2022-01-03T21:04:34+00:00\",\"dateModified\":\"2025-03-08T09:58:12+00:00\",\"description\":\"Eyga.net: razvoj na Microsoft SQL Server in MySQL podatkovnih bazah, optimizacija poizvedb (izbolj\u0161anje hitrosti in porabe virov) na podatkovnih bazah ...\",\"breadcrumb\":{\"@id\":\"https:\\\/\\\/eyga.net\\\/sl\\\/#breadcrumb\"},\"inLanguage\":\"sl-SI\",\"potentialAction\":[{\"@type\":\"ReadAction\",\"target\":[\"https:\\\/\\\/eyga.net\\\/sl\\\/\"]}]},{\"@type\":\"ImageObject\",\"inLanguage\":\"sl-SI\",\"@id\":\"https:\\\/\\\/eyga.net\\\/sl\\\/#primaryimage\",\"url\":\"https:\\\/\\\/eyga.net\\\/sl\\\/wp-content\\\/uploads\\\/sites\\\/4\\\/2023\\\/01\\\/microsoftsqlserver-svgrepo-com.png\",\"contentUrl\":\"https:\\\/\\\/eyga.net\\\/sl\\\/wp-content\\\/uploads\\\/sites\\\/4\\\/2023\\\/01\\\/microsoftsqlserver-svgrepo-com.png\",\"width\":512,\"height\":512},{\"@type\":\"BreadcrumbList\",\"@id\":\"https:\\\/\\\/eyga.net\\\/sl\\\/#breadcrumb\",\"itemListElement\":[{\"@type\":\"ListItem\",\"position\":1,\"name\":\"Home\",\"item\":\"https:\\\/\\\/eyga.net\\\/sl\\\/\"},{\"@type\":\"ListItem\",\"position\":2,\"name\":\"Domov\"}]},{\"@type\":\"WebSite\",\"@id\":\"https:\\\/\\\/eyga.net\\\/sl\\\/#website\",\"url\":\"https:\\\/\\\/eyga.net\\\/sl\\\/\",\"name\":\"Eyga.net\",\"description\":\"Eyga.net razvijanje, programiranje, svetovanje in marketing\",\"publisher\":{\"@id\":\"https:\\\/\\\/eyga.net\\\/sl\\\/#organization\"},\"potentialAction\":[{\"@type\":\"SearchAction\",\"target\":{\"@type\":\"EntryPoint\",\"urlTemplate\":\"https:\\\/\\\/eyga.net\\\/sl\\\/?s={search_term_string}\"},\"query-input\":{\"@type\":\"PropertyValueSpecification\",\"valueRequired\":true,\"valueName\":\"search_term_string\"}}],\"inLanguage\":\"sl-SI\"},{\"@type\":\"Organization\",\"@id\":\"https:\\\/\\\/eyga.net\\\/sl\\\/#organization\",\"name\":\"Eyga.net\",\"url\":\"https:\\\/\\\/eyga.net\\\/sl\\\/\",\"logo\":{\"@type\":\"ImageObject\",\"inLanguage\":\"sl-SI\",\"@id\":\"https:\\\/\\\/eyga.net\\\/sl\\\/#\\\/schema\\\/logo\\\/image\\\/\",\"url\":\"https:\\\/\\\/eyga.net\\\/sl\\\/wp-content\\\/uploads\\\/sites\\\/4\\\/2016\\\/05\\\/cropped-Eyga-logo.png\",\"contentUrl\":\"https:\\\/\\\/eyga.net\\\/sl\\\/wp-content\\\/uploads\\\/sites\\\/4\\\/2016\\\/05\\\/cropped-Eyga-logo.png\",\"width\":266,\"height\":126,\"caption\":\"Eyga.net\"},\"image\":{\"@id\":\"https:\\\/\\\/eyga.net\\\/sl\\\/#\\\/schema\\\/logo\\\/image\\\/\"}}]}<\/script>\n<!-- \/ Yoast SEO plugin. -->","yoast_head_json":{"title":"Domov - Eyga.net","description":"Eyga.net: razvoj na Microsoft SQL Server in MySQL podatkovnih bazah, optimizacija poizvedb (izbolj\u0161anje hitrosti in porabe virov) na podatkovnih bazah ...","robots":{"index":"index","follow":"follow","max-snippet":"max-snippet:-1","max-image-preview":"max-image-preview:large","max-video-preview":"max-video-preview:-1"},"canonical":"https:\/\/eyga.net\/sl\/","og_locale":"sl_SI","og_type":"article","og_title":"Domov - Eyga.net","og_description":"Eyga.net: razvoj na Microsoft SQL Server in MySQL podatkovnih bazah, optimizacija poizvedb (izbolj\u0161anje hitrosti in porabe virov) na podatkovnih bazah ...","og_url":"https:\/\/eyga.net\/sl\/","og_site_name":"Eyga.net","article_modified_time":"2025-03-08T09:58:12+00:00","og_image":[{"url":"https:\/\/eyga.net\/sl\/wp-content\/uploads\/sites\/4\/2023\/01\/microsoftsqlserver-svgrepo-com-80x80.png","type":"","width":"","height":""}],"twitter_card":"summary_large_image","twitter_misc":{"Est. reading time":"2 minuti"},"schema":{"@context":"https:\/\/schema.org","@graph":[{"@type":"WebPage","@id":"https:\/\/eyga.net\/sl\/","url":"https:\/\/eyga.net\/sl\/","name":"Domov - Eyga.net","isPartOf":{"@id":"https:\/\/eyga.net\/sl\/#website"},"primaryImageOfPage":{"@id":"https:\/\/eyga.net\/sl\/#primaryimage"},"image":{"@id":"https:\/\/eyga.net\/sl\/#primaryimage"},"thumbnailUrl":"https:\/\/eyga.net\/sl\/wp-content\/uploads\/sites\/4\/2023\/01\/microsoftsqlserver-svgrepo-com-80x80.png","datePublished":"2022-01-03T21:04:34+00:00","dateModified":"2025-03-08T09:58:12+00:00","description":"Eyga.net: razvoj na Microsoft SQL Server in MySQL podatkovnih bazah, optimizacija poizvedb (izbolj\u0161anje hitrosti in porabe virov) na podatkovnih bazah ...","breadcrumb":{"@id":"https:\/\/eyga.net\/sl\/#breadcrumb"},"inLanguage":"sl-SI","potentialAction":[{"@type":"ReadAction","target":["https:\/\/eyga.net\/sl\/"]}]},{"@type":"ImageObject","inLanguage":"sl-SI","@id":"https:\/\/eyga.net\/sl\/#primaryimage","url":"https:\/\/eyga.net\/sl\/wp-content\/uploads\/sites\/4\/2023\/01\/microsoftsqlserver-svgrepo-com.png","contentUrl":"https:\/\/eyga.net\/sl\/wp-content\/uploads\/sites\/4\/2023\/01\/microsoftsqlserver-svgrepo-com.png","width":512,"height":512},{"@type":"BreadcrumbList","@id":"https:\/\/eyga.net\/sl\/#breadcrumb","itemListElement":[{"@type":"ListItem","position":1,"name":"Home","item":"https:\/\/eyga.net\/sl\/"},{"@type":"ListItem","position":2,"name":"Domov"}]},{"@type":"WebSite","@id":"https:\/\/eyga.net\/sl\/#website","url":"https:\/\/eyga.net\/sl\/","name":"Eyga.net","description":"Eyga.net razvijanje, programiranje, svetovanje in marketing","publisher":{"@id":"https:\/\/eyga.net\/sl\/#organization"},"potentialAction":[{"@type":"SearchAction","target":{"@type":"EntryPoint","urlTemplate":"https:\/\/eyga.net\/sl\/?s={search_term_string}"},"query-input":{"@type":"PropertyValueSpecification","valueRequired":true,"valueName":"search_term_string"}}],"inLanguage":"sl-SI"},{"@type":"Organization","@id":"https:\/\/eyga.net\/sl\/#organization","name":"Eyga.net","url":"https:\/\/eyga.net\/sl\/","logo":{"@type":"ImageObject","inLanguage":"sl-SI","@id":"https:\/\/eyga.net\/sl\/#\/schema\/logo\/image\/","url":"https:\/\/eyga.net\/sl\/wp-content\/uploads\/sites\/4\/2016\/05\/cropped-Eyga-logo.png","contentUrl":"https:\/\/eyga.net\/sl\/wp-content\/uploads\/sites\/4\/2016\/05\/cropped-Eyga-logo.png","width":266,"height":126,"caption":"Eyga.net"},"image":{"@id":"https:\/\/eyga.net\/sl\/#\/schema\/logo\/image\/"}}]}},"_links":{"self":[{"href":"https:\/\/eyga.net\/sl\/wp-json\/wp\/v2\/pages\/3547","targetHints":{"allow":["GET"]}}],"collection":[{"href":"https:\/\/eyga.net\/sl\/wp-json\/wp\/v2\/pages"}],"about":[{"href":"https:\/\/eyga.net\/sl\/wp-json\/wp\/v2\/types\/page"}],"author":[{"embeddable":true,"href":"https:\/\/eyga.net\/sl\/wp-json\/wp\/v2\/users\/1"}],"replies":[{"embeddable":true,"href":"https:\/\/eyga.net\/sl\/wp-json\/wp\/v2\/comments?post=3547"}],"version-history":[{"count":17,"href":"https:\/\/eyga.net\/sl\/wp-json\/wp\/v2\/pages\/3547\/revisions"}],"predecessor-version":[{"id":3631,"href":"https:\/\/eyga.net\/sl\/wp-json\/wp\/v2\/pages\/3547\/revisions\/3631"}],"wp:attachment":[{"href":"https:\/\/eyga.net\/sl\/wp-json\/wp\/v2\/media?parent=3547"}],"curies":[{"name":"wp","href":"https:\/\/api.w.org\/{rel}","templated":true}]}}